{"id":411,"date":"2020-12-18T14:21:01","date_gmt":"2020-12-18T13:21:01","guid":{"rendered":"https:\/\/denaseguridad.es\/?page_id=411"},"modified":"2020-12-29T02:35:22","modified_gmt":"2020-12-29T01:35:22","slug":"alarmas-para-negocios-y-empresas-2","status":"publish","type":"page","link":"https:\/\/denaseguridad.com\/index.php\/alarmas-para-negocios-y-empresas-2\/","title":{"rendered":""},"content":{"rendered":"<div class=\"vce-row-container\" data-vce-boxed-width=\"true\"><div class=\"vce-row vce-row--has-col-background vce-element--has-background vce-row--col-gap-15 vce-row-columns--bottom vce-row-content--bottom\" id=\"el-fc691462\" data-vce-do-apply=\"all el-fc691462\"><div class=\"vce-content-background-container\"><\/div><div class=\"vce-row-content\" data-vce-element-content=\"true\"><div class=\"vce-col vce-element--has-background vce-col--xs-auto vce-col--all-last vce-col--all-first\" id=\"el-2cbec4c2\"><div class=\"vce-col-inner\" data-vce-do-apply=\"border margin background  el-2cbec4c2\"><div class=\"vce-content-background-container\"><\/div><div class=\"vce-col-content\" data-vce-element-content=\"true\" data-vce-do-apply=\"padding el-2cbec4c2\"><div class=\"vce-single-image-container vce-single-image--align-center\"><div class=\"vce vce-single-image-wrapper\" id=\"el-629cdedf\" data-vce-do-apply=\"all el-629cdedf\"><figure><div class=\"vce-single-image-inner vce-single-image--absolute vce-single-image--border-rounded\" style=\"padding-bottom: 40.8203%; width: 1024px;\"><img loading=\"lazy\" decoding=\"async\" class=\"vce-single-image\" width=\"1024\" height=\"418\" src=\"https:\/\/denaseguridad.com\/wp-content\/uploads\/2020\/12\/logo-con-margenes-1024x418.png\" srcset=\"https:\/\/denaseguridad.com\/wp-content\/uploads\/2020\/12\/logo-con-margenes-320x131.png 320w,https:\/\/denaseguridad.com\/wp-content\/uploads\/2020\/12\/logo-con-margenes-480x196.png 480w,https:\/\/denaseguridad.com\/wp-content\/uploads\/2020\/12\/logo-con-margenes-800x327.png 800w,https:\/\/denaseguridad.com\/wp-content\/uploads\/2020\/12\/logo-con-margenes-1024x418.png 1024w\" data-img-src=\"https:\/\/denaseguridad.com\/wp-content\/uploads\/2020\/12\/logo-con-margenes.png\" alt=\"\" title=\"logo con margenes\" \/><\/div><figcaption hidden=\"\"><\/figcaption><\/figure><\/div><\/div><div class=\"vce-row-container\"><div class=\"vce-row vce-row--has-col-background vce-row--col-gap-30 vce-row-equal-height vce-row-columns--top vce-row-content--top\" data-vce-full-width=\"true\" id=\"el-64deb35e\" data-vce-do-apply=\"all el-64deb35e\"><div class=\"vce-content-background-container\"><\/div><div class=\"vce-row-content\" data-vce-element-content=\"true\"><div class=\"vce-col vce-element--has-background vce-col--md-19-34p vce-col--xs-1 vce-col--xs-last vce-col--xs-first vce-col--sm-last vce-col--sm-first vce-col--md-first vce-col--lg-first vce-col--xl-first\" id=\"el-edc48755\"><div class=\"vce-col-inner\" data-vce-do-apply=\"border margin background  el-edc48755\"><div class=\"vce-content-background-container\"><\/div><div class=\"vce-col-content\" data-vce-element-content=\"true\" data-vce-do-apply=\"padding el-edc48755\"><div class=\"vce-single-image-container vce-single-image--align-left\"><div class=\"vce vce-single-image-wrapper\" id=\"el-050f1e45\" data-vce-do-apply=\"all el-050f1e45\"><figure><div class=\"vce-single-image-inner vce-single-image--absolute vce-single-image--border-rounded\" style=\"padding-bottom: 40.8333%; width: 240px;\"><img decoding=\"async\" class=\"vce-single-image\" src=\"https:\/\/denaseguridad.com\/wp-content\/uploads\/2020\/12\/cropped-logo-con-margenes.png\" data-img-src=\"https:\/\/denaseguridad.com\/wp-content\/uploads\/2020\/12\/cropped-logo-con-margenes.png\" alt=\"\" title=\"cropped-logo-con-margenes.png\"><\/div><figcaption hidden=\"\"><\/figcaption><\/figure><\/div><\/div><div class=\"vce-text-block\"><div class=\"vce-text-block-wrapper vce\" id=\"el-79d67e84\" data-vce-do-apply=\"all el-79d67e84\"><h4 style=\"text-align: center;\"><span style=\"color: #ffffff;\"><strong>Tlf:.<span class=\"mini-contacts phone show-on-desktop near-logo-first-switch in-menu-second-switch first\">93 843 80 92&nbsp; &nbsp; <\/span><\/strong><\/span><\/h4><h4 style=\"text-align: center;\"><span style=\"color: #ffffff;\"><strong><span class=\"mini-contacts phone show-on-desktop near-logo-first-switch in-menu-second-switch first\">&nbsp;<\/span><span class=\"mini-contacts email show-on-desktop near-logo-first-switch in-menu-second-switch last\">E-mail: info@denaseguridad.com<\/span><\/strong><\/span><\/h4><\/div><\/div><\/div><\/div><\/div><div class=\"vce-col vce-element--xl--has-background vce-col--md-80-66p vce-col--xs-1 vce-col--xs-last vce-col--xs-first vce-col--sm-last vce-col--sm-first vce-col--md-last vce-col--lg-last vce-col--xl-last\" id=\"el-d6f3bb95\"><div class=\"vce-col-inner\" data-vce-do-apply=\"border margin background  el-d6f3bb95\"><div class=\"vce-content-background-container\"><\/div><div class=\"vce-col-content\" data-vce-element-content=\"true\" data-vce-do-apply=\"padding el-d6f3bb95\"><div class=\"vce-text-block\"><div class=\"vce-text-block-wrapper vce\" id=\"el-491db11d\" data-vce-do-apply=\"all el-491db11d\"><h4>&nbsp;<\/h4><h4>&nbsp;<\/h4><h4 style=\"text-align: right;\"><span style=\"color: #ffffff;\"><strong>Tlf:.<span class=\"mini-contacts phone show-on-desktop near-logo-first-switch in-menu-second-switch first\">93 843 80 92&nbsp; &nbsp; &nbsp;<\/span><span class=\"mini-contacts email show-on-desktop near-logo-first-switch in-menu-second-switch last\">E-mail: info@denaseguridad.com<\/span><\/strong><\/span><\/h4><\/div><\/div><\/div><\/div><\/div><\/div><\/div><\/div><div class=\"vce-text-block\"><div class=\"vce-text-block-wrapper vce\" id=\"el-68e1409d\" data-vce-do-apply=\"all el-68e1409d\" data-vce-animate=\"vce-o-animate--pulse\"><h1 style=\"text-align: center; line-height: inherit; letter-spacing: inherit;\">&nbsp;<\/h1>\n<h1 style=\"text-align: center; line-height: inherit;\"><span style=\"font-family: 'Merriweather Sans'; color: #ffffff;\"><strong><span style=\"font-size: 16pt; font-style: normal; letter-spacing: inherit;\">ALARMAS PARA EMPRESAS Y COMERCIOS<\/span><\/strong><\/span><\/h1><\/div><\/div><div class=\"vce-single-image-container vce-single-image--align-center\"><div class=\"vce vce-single-image-wrapper\" id=\"el-d08d2577\" data-vce-do-apply=\"all el-d08d2577\" data-vce-animate=\"vce-o-animate--fadeIn\"><figure><a href=\"https:\/\/youtu.be\/t1CpLAAQj0w\" title=\"La tranquilidad de su casa segura\" target=\"_blank\" class=\"vce-single-image-inner vce-single-image--absolute vce-single-image--border-rounded\" style=\"padding-bottom: 41.0833%; width: 1200px;\" rel=\"noopener\"><img loading=\"lazy\" decoding=\"async\" class=\"vce-single-image\" width=\"1200\" height=\"493\" src=\"https:\/\/denaseguridad.com\/wp-content\/uploads\/2020\/12\/alarma-empresa-1200x493.jpg\" srcset=\"https:\/\/denaseguridad.com\/wp-content\/uploads\/2020\/12\/alarma-empresa-320x131.jpg 320w,https:\/\/denaseguridad.com\/wp-content\/uploads\/2020\/12\/alarma-empresa-480x197.jpg 480w,https:\/\/denaseguridad.com\/wp-content\/uploads\/2020\/12\/alarma-empresa-800x329.jpg 800w,https:\/\/denaseguridad.com\/wp-content\/uploads\/2020\/12\/alarma-empresa-1200x493.jpg 1200w\" data-img-src=\"https:\/\/denaseguridad.com\/wp-content\/uploads\/2020\/12\/alarma-empresa.jpg\" alt=\"\" title=\"alarma-empresa\" \/><\/a><figcaption hidden=\"\"><\/figcaption><\/figure><\/div><\/div><div class=\"vce-text-block\"><div class=\"vce-text-block-wrapper vce\" id=\"el-fdb6317e\" data-vce-do-apply=\"all el-fdb6317e\"><h2 style=\"text-align: center;\"><span style=\"color: #ffffff; font-family: Mandali;\"><span style=\"font-size: 21.3333px;\">Sistemas Homologados de hasta Grado 3<\/span><\/span><\/h2>\n<p style=\"text-align: center;\"><span style=\"font-family: Mandali; color: #ffffff; font-size: 14pt;\">Alta seguridad para no descuidar ni un detalle<\/span><\/p>\n<p style=\"text-align: center;\">&nbsp;<\/p><\/div><\/div><div class=\"vce-text-block\"><div class=\"vce-text-block-wrapper vce\" id=\"el-e8fe2abc\" data-vce-do-apply=\"all el-e8fe2abc\"><div id=\"el-a4c1602f\" class=\"vce-col vce-col--md-49-97p vce-col--xs-1 vce-col--xs-last vce-col--xs-first vce-col--sm-last vce-col--sm-first vce-col--md-first vce-col--lg-first vce-col--xl-first\"><div class=\"vce-col-inner\" data-vce-do-apply=\"border margin background el-a4c1602f\"><div class=\"vce-col-content\" data-vce-element-content=\"true\" data-vce-do-apply=\"padding el-a4c1602f\"><div class=\"vce-text-block\"><div id=\"el-8f162f91\" class=\"vce-text-block-wrapper vce\" style=\"text-align: justify;\" data-vce-do-apply=\"all el-8f162f91\"><p style=\"text-align: justify;\"><span style=\"color: #ffffff; font-family: 'trebuchet ms', geneva, sans-serif;\"><span style=\"font-size: 14pt;\"><strong>DENA SEGURIDAD<\/strong><\/span> dispone de un departamento especializado de&nbsp;<strong>alarmas profesionales para empresas<\/strong>,&nbsp;<strong>locales o negocios .<\/strong><\/span><\/p><p style=\"text-align: justify;\"><span style=\"color: #ffffff; font-family: 'trebuchet ms', geneva, sans-serif;\">Nuestros equipos est\u00e1n homologados hasta Grado 3, obligatorio para aquellos negocios de alto riesgo como joyer\u00edas, venta de oro y similares. Toda nuestra tecnolog\u00eda en seguridad ha superado las pruebas exigidas por la legislaci\u00f3n tanto en Grado 2 como Grado 3 de seguridad y durabilidad para ofrecer a nuestros clientes la m\u00e1s alta seguridad en NAVES INDUSTRIALES, LOCALES COMERCIALES Y OFICINAS.<\/span><\/p><p style=\"text-align: justify;\"><span style=\"color: #ffffff; font-family: 'trebuchet ms', geneva, sans-serif;\">Los a\u00f1os de experiencia nos ha hecho especialistas en sistemas de seguridad de alto rendimiento, SISTEMAS DISUASORIOS <\/span><span style=\"color: #ffffff; font-family: 'trebuchet ms', geneva, sans-serif;\">&nbsp;DE NIEBLA AUTOM\u00c1TIZADOS para evitar el robo, y combinaciones de control de accesos, control de presencia y Video Vigilancia para una seguridad 360 interactiva y de respuesta r\u00e1pida.<\/span><\/p><p style=\"text-align: justify;\"><span style=\"color: #ffffff; font-family: 'trebuchet ms', geneva, sans-serif;\">Nuestros elementos y filosof\u00eda Smart, hace que controlar por el usuario su seguridad, sea extremadamente f\u00e1cil. Una respuesta r\u00e1pida con verificaci\u00f3n instant\u00e1nea y acci\u00f3n automatizada de los elementos, dota a nuestros equipos de una rapidez de reacci\u00f3n inmejorable.<\/span><\/p><p style=\"text-align: justify;\">&nbsp;<\/p><p style=\"text-align: center; line-height: 1;\"><span style=\"color: #ffffff; font-family: 'Aguafina Script'; font-size: 18pt; letter-spacing: 4px;\">Facilidad de uso y efectividad<\/span><\/p><\/div><\/div><\/div><\/div><\/div><\/div><\/div><div class=\"vce-row-container\"><div class=\"vce-row vce-row--col-gap-30 vce-row-equal-height vce-row-columns--top vce-row-content--top\" data-vce-full-width=\"true\" data-vce-stretch-content=\"true\" id=\"el-ca277f5a\" data-vce-do-apply=\"all el-ca277f5a\"><div class=\"vce-row-content\" data-vce-element-content=\"true\"><div class=\"vce-col vce-col--md-auto vce-col--xs-1 vce-col--xs-last vce-col--xs-first vce-col--sm-last vce-col--sm-first vce-col--md-first vce-col--lg-first vce-col--xl-first\" id=\"el-76086348\"><div class=\"vce-col-inner\" data-vce-do-apply=\"border margin background  el-76086348\"><div class=\"vce-content-background-container\"><\/div><div class=\"vce-col-content\" data-vce-element-content=\"true\" data-vce-do-apply=\"padding el-76086348\"><div class=\"vce-single-image-container vce-single-image--align-center\"><div class=\"vce vce-single-image-wrapper\" id=\"el-7be155fe\" data-vce-do-apply=\"all el-7be155fe\" data-vce-animate=\"vce-o-animate--slideInUp\"><figure><div class=\"vce-single-image-inner vce-single-image--absolute vce-single-image--border-rounded\" style=\"padding-bottom: 56%; width: 400px;\"><img loading=\"lazy\" decoding=\"async\" class=\"vce-single-image\" width=\"400\" height=\"224\" src=\"https:\/\/denaseguridad.com\/wp-content\/uploads\/2020\/12\/prosys-e1608303909590-400x224.jpg\" srcset=\"https:\/\/denaseguridad.com\/wp-content\/uploads\/2020\/12\/prosys-e1608303909590-320x179.jpg 320w,https:\/\/denaseguridad.com\/wp-content\/uploads\/2020\/12\/prosys-e1608303909590-400x224.jpg 400w\" data-img-src=\"https:\/\/denaseguridad.com\/wp-content\/uploads\/2020\/12\/prosys-e1608303909590.jpg\" alt=\"\" title=\"prosys\" \/><\/div><figcaption hidden=\"\"><\/figcaption><\/figure><\/div><\/div><div class=\"vce-text-block\"><div class=\"vce-text-block-wrapper vce\" id=\"el-d341ef45\" data-vce-do-apply=\"all el-d341ef45\"><h2 style=\"text-align: center;\">&nbsp;<span style=\"color: #ffffff;\">Sistema ProSYS Plus<\/span><\/h2>\n<p style=\"text-align: center;\"><span style=\"color: #ffffff; font-family: 'Open Sans', Helvetica, Arial, Verdana, sans-serif; text-align: center;\">Certificaci\u00f3n Grado 3, La bestia de las Alarmas, Seguridad, eficiencia y durabilidad aseguradas<\/span><\/p><\/div><\/div><div class=\"vce-button--style-basic-container vce-button--style-basic-container--align-center\"><span class=\"vce-button--style-basic-wrapper vce vce-button--style-basic-wrapper--stretched\" id=\"el-aa5aa6f6\" data-vce-do-apply=\"margin el-aa5aa6f6\"><a class=\"vce-button--style-basic vce-button--style-basic--border-rounded vce-button--style-basic--size-medium vce-button--style-basic--color-b-136-7-25--fff vce-button--style-basic--hover-color-b-0-0-0--fff\" href=\"tel:938438092\" title=\"Solicito informaci\u00f3n sin compromiso\" data-vce-do-apply=\"padding border background  el-aa5aa6f6\" data-vce-animate=\"vce-o-animate--pulse\">Ll\u00e1menos 93 843 80 92<\/a><\/span><\/div><\/div><\/div><\/div><div class=\"vce-col vce-col--md-auto vce-col--xs-1 vce-col--xs-last vce-col--xs-first vce-col--sm-last vce-col--sm-first vce-col--md-last vce-col--lg-last vce-col--xl-last\" id=\"el-a53ad23f\"><div class=\"vce-col-inner\" data-vce-do-apply=\"border margin background  el-a53ad23f\"><div class=\"vce-col-content\" data-vce-element-content=\"true\" data-vce-do-apply=\"padding el-a53ad23f\"><div class=\"vce-single-image-container vce-single-image--align-center\"><div class=\"vce vce-single-image-wrapper\" id=\"el-71759558\" data-vce-do-apply=\"all el-71759558\" data-vce-animate=\"vce-o-animate--slideInUp\"><figure><div class=\"vce-single-image-inner vce-single-image--absolute vce-single-image--border-rounded\" style=\"padding-bottom: 54.25%; width: 400px;\"><img loading=\"lazy\" decoding=\"async\" class=\"vce-single-image\" width=\"400\" height=\"217\" src=\"https:\/\/denaseguridad.com\/wp-content\/uploads\/2020\/12\/LightSYS-KitApp-scaled-e1608303936569-400x217.jpg\" srcset=\"https:\/\/denaseguridad.com\/wp-content\/uploads\/2020\/12\/LightSYS-KitApp-scaled-e1608303936569-320x174.jpg 320w,https:\/\/denaseguridad.com\/wp-content\/uploads\/2020\/12\/LightSYS-KitApp-scaled-e1608303936569-400x217.jpg 400w\" data-img-src=\"https:\/\/denaseguridad.com\/wp-content\/uploads\/2020\/12\/LightSYS-KitApp-scaled-e1608303936569.jpg\" alt=\"\" title=\"LightSYS Kit+App\" \/><\/div><figcaption hidden=\"\"><\/figcaption><\/figure><\/div><\/div><div class=\"vce-text-block\"><div class=\"vce-text-block-wrapper vce\" id=\"el-2f7bb3b1\" data-vce-do-apply=\"all el-2f7bb3b1\"><h2 style=\"text-align: center;\"><span style=\"color: #ffffff;\">Sistema Lighsys 2<\/span><\/h2>\n<p style=\"text-align: center;\"><span style=\"color: #ffffff; font-family: 'Open Sans', Helvetica, Arial, Verdana, sans-serif; text-align: center;\">La seguridad de Grado 2 H\u00edbrida que se adapta a las necesidades de cada negocio.<\/span><\/p><\/div><\/div><div class=\"vce-button--style-basic-container vce-button--style-basic-container--align-center\"><span class=\"vce-button--style-basic-wrapper vce vce-button--style-basic-wrapper--stretched\" id=\"el-223c521c\" data-vce-do-apply=\"margin el-223c521c\"><a class=\"vce-button--style-basic vce-button--style-basic--border-rounded vce-button--style-basic--size-medium vce-button--style-basic--color-b-136-7-25--fff vce-button--style-basic--hover-color-b-0-0-0--fff\" href=\"tel:938438092\" title=\"Solicito informaci\u00f3n sin compromiso\" data-vce-do-apply=\"padding border background  el-223c521c\" data-vce-animate=\"vce-o-animate--pulse\">Ll\u00e1menos 93 843 80 92<\/a><\/span><\/div><\/div><\/div><\/div><\/div><\/div><\/div><\/div><\/div><\/div><\/div><\/div><\/div><div class=\"vce-row-container\" data-vce-boxed-width=\"true\"><div class=\"vce-row vce-element--has-background vce-row--col-gap-10 vce-row-columns--top vce-row-content--top\" id=\"el-15001eb2\" data-vce-do-apply=\"all el-15001eb2\"><div class=\"vce-content-background-container\"><div class=\"vce-asset-background-slider-container vce-visible-all-only vce-asset-background-slider--style-contain vce-asset-background-slider--position-right-center\"><div class=\"vce-asset-background-slider\" data-vce-assets-slider=\"9\" data-vce-assets-slider-effect=\"carousel\" data-vce-assets-slider-direction=\"left\" data-vce-assets-slider-slides=\".vce-asset-background-slider-items\" data-vce-assets-slider-slide=\".vce-asset-background-slider-item\"><div class=\"vce-asset-background-slider-items\"><div class=\"vce-asset-background-slider-item\" style=\"background-image:url(https:\/\/denaseguridad.com\/wp-content\/uploads\/2020\/12\/jaume.jpg)\"><\/div><div class=\"vce-asset-background-slider-item\" style=\"background-image:url(https:\/\/denaseguridad.com\/wp-content\/uploads\/2020\/12\/marea.jpg)\"><\/div><div class=\"vce-asset-background-slider-item\" style=\"background-image:url(https:\/\/denaseguridad.com\/wp-content\/uploads\/2020\/12\/thuya-1.jpg)\"><\/div><div class=\"vce-asset-background-slider-item\" style=\"background-image:url(https:\/\/denaseguridad.com\/wp-content\/uploads\/2020\/12\/llongueras-1-e1529485410135.jpg)\"><\/div><div class=\"vce-asset-background-slider-item\" style=\"background-image:url(https:\/\/denaseguridad.com\/wp-content\/uploads\/2020\/12\/Logo_PansCo.png)\"><\/div><div class=\"vce-asset-background-slider-item\" style=\"background-image:url(https:\/\/denaseguridad.com\/wp-content\/uploads\/2020\/12\/flexicel-1.jpg)\"><\/div><div class=\"vce-asset-background-slider-item\" style=\"background-image:url(https:\/\/denaseguridad.com\/wp-content\/uploads\/2020\/12\/grupo-schroder-1.jpg)\"><\/div><div class=\"vce-asset-background-slider-item\" style=\"background-image:url(https:\/\/denaseguridad.com\/wp-content\/uploads\/2020\/12\/julia-1.png)\"><\/div><div class=\"vce-asset-background-slider-item\" style=\"background-image:url(https:\/\/denaseguridad.com\/wp-content\/uploads\/2020\/12\/escofet-oliver.png)\"><\/div><\/div><\/div><\/div><\/div><div class=\"vce-row-content\" data-vce-element-content=\"true\"><div class=\"vce-col vce-col--md-auto vce-col--xs-1 vce-col--xs-last vce-col--xs-first vce-col--sm-last vce-col--sm-first vce-col--md-last vce-col--lg-last vce-col--xl-last vce-col--md-first vce-col--lg-first vce-col--xl-first\" id=\"el-7e4bd348\"><div class=\"vce-col-inner\" data-vce-do-apply=\"border margin background  el-7e4bd348\"><div class=\"vce-col-content\" data-vce-element-content=\"true\" data-vce-do-apply=\"padding el-7e4bd348\"><div class=\"vce-text-block\"><div class=\"vce-text-block-wrapper vce\" id=\"el-d0922f49\" data-vce-do-apply=\"all el-d0922f49\"><h2 style=\"text-align: center;\"><span style=\"color: #ffffff;\"><strong>Algunas de las empresas que conf\u00edan en nosotros<\/strong><\/span><\/h2><\/div><\/div><\/div><\/div><\/div><\/div><\/div><\/div><div class=\"vce-row-container\" data-vce-boxed-width=\"true\"><div class=\"vce-row vce-row--col-gap-30 vce-row-equal-height vce-row-columns--top vce-row-content--top vcv-state--show-resizer\" id=\"el-4e67e0af\" data-vce-do-apply=\"all el-4e67e0af\"><div class=\"vce-row-content\" data-vce-element-content=\"true\"><div class=\"vce-col vce-col--md-auto vce-col--xs-1 vce-col--xs-last vce-col--xs-first vce-col--sm-last vce-col--sm-first vce-col--md-last vce-col--lg-last vce-col--xl-last vce-col--md-first vce-col--lg-first vce-col--xl-first\" id=\"el-20d92b5b\"><div class=\"vce-col-inner\" data-vce-do-apply=\"border margin background  el-20d92b5b\"><div class=\"vce-col-content\" data-vce-element-content=\"true\" data-vce-do-apply=\"padding el-20d92b5b\"><div class=\"vce-text-block\"><div class=\"vce-text-block-wrapper vce\" id=\"el-d7b486bf\" data-vce-do-apply=\"all el-d7b486bf\"><h2 style=\"text-align: center;\"><span style=\"font-size: 14pt; color: #ffffff;\">Dena Seguridad - C\/ Mogoda 1, oficina 208 - 08210 Barber\u00e0 del Vall\u00e8s - 93 843 80 92 - info@denaseguridad.com<\/span><\/h2><\/div><\/div><\/div><\/div><\/div><\/div><\/div><\/div><div class=\"vce-row-container\" data-vce-boxed-width=\"true\"><div class=\"vce-row vce-row--col-gap-30 vce-row-equal-height vce-row-columns--top vce-row-content--top\" id=\"el-00f15aae\" data-vce-do-apply=\"all el-00f15aae\"><div class=\"vce-row-content\" data-vce-element-content=\"true\"><div class=\"vce-col vce-col--md-auto vce-col--xs-1 vce-col--xs-last vce-col--xs-first vce-col--sm-last vce-col--sm-first vce-col--md-last vce-col--lg-last vce-col--xl-last vce-col--md-first vce-col--lg-first vce-col--xl-first\" id=\"el-e1d6f516\"><div class=\"vce-col-inner\" data-vce-do-apply=\"border margin background  el-e1d6f516\"><div class=\"vce-col-content\" data-vce-element-content=\"true\" data-vce-do-apply=\"padding el-e1d6f516\"><div class=\"vce-shortcode\"><div class=\"vce-shortcode-wrapper vce\" id=\"el-cab3702e\" data-vce-do-apply=\"all el-cab3702e\"><button translate=\"no\" class=\"btg-button btg-button-1 btg-topRight\" data-btnid=\"1\" data-url=\"http:\/\/denaseguridad.com\" data-action=\"link\" data-target=\"_self\">Inicio<\/button> <button translate=\"no\" class=\"btg-button btg-button-2 btg-topCenter\" data-btnid=\"2\" data-url=\"https:\/\/denaseguridad.com\/index.php\/ofertas-profesionales\/\" data-action=\"link\" data-target=\"_self\">Ofertas del mes<\/button><\/div><\/div><\/div><\/div><\/div><\/div><\/div><\/div>\n","protected":false},"excerpt":{"rendered":"<p>Tlf:.93 843 80 92&nbsp; &nbsp; &nbsp;E-mail: info@denaseguridad.com&nbsp;&nbsp;Tlf:.93 843 80 92&nbsp; &nbsp; &nbsp;E-mail: info@denaseguridad.com&nbsp; ALARMAS PARA EMPRESAS Y COMERCIOSSistemas Homologados de hasta Grado 3 Alta seguridad para no descuidar ni un detalle &nbsp;DENA SEGURIDAD dispone de un departamento especializado de&nbsp;alarmas profesionales para empresas,&nbsp;locales o negocios .Nuestros equipos est\u00e1n homologados hasta Grado 3, obligatorio para aquellos negocios [&hellip;]<\/p>\n","protected":false},"author":1,"featured_media":0,"parent":0,"menu_order":0,"comment_status":"closed","ping_status":"closed","template":"full-width.php","meta":{"footnotes":""},"class_list":["post-411","page","type-page","status-publish","hentry"],"_links":{"self":[{"href":"https:\/\/denaseguridad.com\/index.php\/wp-json\/wp\/v2\/pages\/411","targetHints":{"allow":["GET"]}}],"collection":[{"href":"https:\/\/denaseguridad.com\/index.php\/wp-json\/wp\/v2\/pages"}],"about":[{"href":"https:\/\/denaseguridad.com\/index.php\/wp-json\/wp\/v2\/types\/page"}],"author":[{"embeddable":true,"href":"https:\/\/denaseguridad.com\/index.php\/wp-json\/wp\/v2\/users\/1"}],"replies":[{"embeddable":true,"href":"https:\/\/denaseguridad.com\/index.php\/wp-json\/wp\/v2\/comments?post=411"}],"version-history":[{"count":33,"href":"https:\/\/denaseguridad.com\/index.php\/wp-json\/wp\/v2\/pages\/411\/revisions"}],"predecessor-version":[{"id":539,"href":"https:\/\/denaseguridad.com\/index.php\/wp-json\/wp\/v2\/pages\/411\/revisions\/539"}],"wp:attachment":[{"href":"https:\/\/denaseguridad.com\/index.php\/wp-json\/wp\/v2\/media?parent=411"}],"curies":[{"name":"wp","href":"https:\/\/api.w.org\/{rel}","templated":true}]}}