{"id":553,"date":"2022-10-18T12:18:18","date_gmt":"2022-10-18T11:18:18","guid":{"rendered":"https:\/\/denaseguridad.com\/?page_id=553"},"modified":"2024-10-31T13:20:29","modified_gmt":"2024-10-31T12:20:29","slug":"descargas","status":"publish","type":"page","link":"https:\/\/denaseguridad.com\/index.php\/descargas\/","title":{"rendered":"DESCARGAS"},"content":{"rendered":"<div class=\"vce-row-container\" data-vce-boxed-width=\"true\"><div class=\"vce-row vce-row--col-gap-30 vce-row-equal-height vce-row-content--top\" id=\"el-008ae9ba\" data-vce-do-apply=\"all el-008ae9ba\"><div class=\"vce-row-content\" data-vce-element-content=\"true\"><div class=\"vce-col vce-col--md-auto vce-col--xs-1 vce-col--xs-last vce-col--xs-first vce-col--sm-last vce-col--sm-first vce-col--md-last vce-col--lg-last vce-col--xl-last vce-col--md-first vce-col--lg-first vce-col--xl-first\" id=\"el-30c0ef64\"><div class=\"vce-col-inner\" data-vce-do-apply=\"border margin background  el-30c0ef64\"><div class=\"vce-col-content\" data-vce-element-content=\"true\" data-vce-do-apply=\"padding el-30c0ef64\"><div class=\"vce-text-block\"><div class=\"vce-text-block-wrapper vce\" id=\"el-027cec0b\" data-vce-do-apply=\"all el-027cec0b\"><div><p><noscript><\/p>\r\n<style>.vce-row-container .vcv-lozad {display: none}<\/style>\r\n<p><\/noscript><\/p><\/div><div><div><p><noscript><\/p>\r\n<style>.vce-row-container .vcv-lozad {display: none}<\/style>\r\n<p><\/noscript><\/p><\/div><div><p>APP CONTROL ALARMAS ANDROID: <a href=\"https:\/\/play.google.com\/store\/apps\/details?id=com.homeguardapp&amp;hl=es&amp;gl=US\" target=\"_blank\" rel=\"noreferrer noopener\" data-type=\"URL\" data-id=\"https:\/\/play.google.com\/store\/apps\/details?id=com.homeguardapp&amp;hl=es&amp;gl=US\"><span class=\"has-inline-color has-vivid-red-color\"><strong>DESCARGAR<\/strong><\/span><\/a><\/p><p>APP CONTROL ALARMAS IPAD\/IPHONE: <strong><a href=\"https:\/\/apps.apple.com\/es\/app\/freecontrol\/id647710280\" target=\"_blank\" rel=\"noreferrer noopener\" data-type=\"URL\" data-id=\"https:\/\/apps.apple.com\/es\/app\/freecontrol\/id647710280\"><span class=\"has-inline-color has-vivid-red-color\">DESCARGAR<\/span><\/a><\/strong><\/p><p>APP GRABADORES UNV-Link ANDROID: <a href=\"https:\/\/play.google.com\/store\/apps\/details?id=com.uniview.app.smb.phone.en.lingyun&amp;hl=es_419\" target=\"_blank\" rel=\"noreferrer noopener\" data-type=\"URL\" data-id=\"https:\/\/play.google.com\/store\/apps\/details?id=com.uniview.app.smb.phone.en.ezview&amp;hl=es&amp;gl=US\"><span class=\"has-inline-color has-vivid-red-color\"><strong>DESCARGAR<\/strong><\/span><\/a><\/p><p>APP GRABADORES UNV-Link IPAD\/IPHONE: <strong><a href=\"https:\/\/apps.apple.com\/us\/app\/ezview-video-surveillance\/id979189794\" target=\"_blank\" rel=\"noreferrer noopener\" data-type=\"URL\" data-id=\"https:\/\/apps.apple.com\/us\/app\/ezview-video-surveillance\/id979189794S\"><span class=\"has-inline-color has-vivid-red-color\">DESCARGAR<\/span><\/a><\/strong><\/p><p>APP GRABADORES HIKVISION <strong><em>Hik-Connect - for End user<\/em><\/strong> ANDOID: <a href=\"https:\/\/play.google.com\/store\/apps\/details?id=com.connect.enduser\" target=\"_blank\" rel=\"noreferrer noopener\" data-type=\"URL\" data-id=\"https:\/\/appstore.hikvision.com\/\"><span class=\"has-inline-color has-vivid-red-color\"><strong>DESCARGAR<\/strong><\/span><\/a><\/p><p>APP GRABADORES HIKVISION <strong><em>Hik-Connect - for End user<\/em><\/strong> IPAD\/IPHONE: <a href=\"https:\/\/apps.apple.com\/us\/app\/hik-connect-for-end-user\/id1087803190\" target=\"_blank\" rel=\"noreferrer noopener\" data-type=\"URL\" data-id=\"https:\/\/apps.apple.com\/app\/id1087803190\"><span class=\"has-inline-color has-vivid-red-color\"><strong>DESCARGAR<\/strong><\/span><\/a><\/p><p><a href=\"https:\/\/www.nanosystems.it\/public\/download\/Supremo.exe\" target=\"_blank\" rel=\"noopener\"><span class=\"has-inline-color has-vivid-red-color\"><strong>SOPORTE T\u00c9CNICO REMOTO<\/strong><\/span><\/a><\/p><\/div><div><div id=\"cookies-eu-wrapper\" style=\"display: block;\"><div id=\"cookies-eu-banner\" data-wait-remove=\"250\">&nbsp;<\/div><\/div><div id=\"cookies-eu-banner-closed\">Esta web utiliza cookies propias para su correcto funcionamiento. Al hacer clic en el bot\u00f3n Aceptar, acepta el uso de estas tecnolog\u00edas y el procesamiento de tus datos para estos prop\u00f3sitos. <a id=\"cookies-eu-more\" class=\"argpd-cookies-politica\" href=\"..\/personalizar-cookies\/\" rel=\"nofollow\">M\u00e1s informaci\u00f3n<\/a><\/div><\/div><\/div><div><div id=\"cookies-eu-wrapper\"><div id=\"cookies-eu-banner\" data-wait-remove=\"250\"><div id=\"cookies-eu-buttons\"><button id=\"cookies-eu-reject\" class=\"cookies-eu-reject\">Rechazar<\/button> <button id=\"cookies-eu-accept\" class=\"cookies-eu-accept\">Aceptar<\/button><\/div><\/div><\/div><div id=\"cookies-eu-banner-closed\">Privacidad<\/div><\/div><\/div><\/div><\/div><\/div><\/div><\/div><\/div><\/div>\n","protected":false},"excerpt":{"rendered":"<p>APP CONTROL ALARMAS ANDROID: DESCARGARAPP CONTROL ALARMAS IPAD\/IPHONE: DESCARGARAPP GRABADORES UNV-Link ANDROID: DESCARGARAPP GRABADORES UNV-Link IPAD\/IPHONE: DESCARGARAPP GRABADORES HIKVISION Hik-Connect &#8211; for End user ANDOID: DESCARGARAPP GRABADORES HIKVISION Hik-Connect &#8211; for End user IPAD\/IPHONE: DESCARGARSOPORTE T\u00c9CNICO REMOTO&nbsp;Esta web utiliza cookies propias para su correcto funcionamiento. Al hacer clic en el bot\u00f3n Aceptar, acepta el uso [&hellip;]<\/p>\n","protected":false},"author":1,"featured_media":0,"parent":0,"menu_order":0,"comment_status":"closed","ping_status":"closed","template":"full-width.php","meta":{"footnotes":""},"class_list":["post-553","page","type-page","status-publish","hentry"],"_links":{"self":[{"href":"https:\/\/denaseguridad.com\/index.php\/wp-json\/wp\/v2\/pages\/553","targetHints":{"allow":["GET"]}}],"collection":[{"href":"https:\/\/denaseguridad.com\/index.php\/wp-json\/wp\/v2\/pages"}],"about":[{"href":"https:\/\/denaseguridad.com\/index.php\/wp-json\/wp\/v2\/types\/page"}],"author":[{"embeddable":true,"href":"https:\/\/denaseguridad.com\/index.php\/wp-json\/wp\/v2\/users\/1"}],"replies":[{"embeddable":true,"href":"https:\/\/denaseguridad.com\/index.php\/wp-json\/wp\/v2\/comments?post=553"}],"version-history":[{"count":16,"href":"https:\/\/denaseguridad.com\/index.php\/wp-json\/wp\/v2\/pages\/553\/revisions"}],"predecessor-version":[{"id":587,"href":"https:\/\/denaseguridad.com\/index.php\/wp-json\/wp\/v2\/pages\/553\/revisions\/587"}],"wp:attachment":[{"href":"https:\/\/denaseguridad.com\/index.php\/wp-json\/wp\/v2\/media?parent=553"}],"curies":[{"name":"wp","href":"https:\/\/api.w.org\/{rel}","templated":true}]}}